{"id":82,"date":"2022-09-09T18:19:08","date_gmt":"2022-09-09T18:19:08","guid":{"rendered":"https:\/\/mutebermedyumlar.com\/?page_id=16"},"modified":"2026-01-15T17:37:07","modified_gmt":"2026-01-15T17:37:07","slug":"guvenilir-medyum","status":"publish","type":"page","link":"https:\/\/gercekuzmanhocalar.com\/","title":{"rendered":"Medyum M\u00fc\u015frifer"},"content":{"rendered":"\n<figure class=\"wp-block-pullquote\"><blockquote><p>M\u00fc\u015frifer bey ile irtibata ge\u00e7meden \u00f6nce kendisi hakk\u0131nda yaz\u0131lm\u0131\u015f olan g\u00f6r\u00fc\u015fleri ve yorumlar\u0131 okuyabilir veya ya\u015fad\u0131\u011f\u0131n\u0131z tecr\u00fcbelere dayanarak g\u00f6r\u00fc\u015flerinizi \u00f6zg\u00fcrce belirtebilirsiniz.<\/p><\/blockquote><\/figure>\n\n\n\n<p>&nbsp;<\/p>\n\n\n\n<p><\/p>\n","protected":false},"excerpt":{"rendered":"<p>M\u00fc\u015frifer bey ile irtibata ge\u00e7meden \u00f6nce kendisi hakk\u0131nda yaz\u0131lm\u0131\u015f olan g\u00f6r\u00fc\u015fleri ve yorumlar\u0131 okuyabilir veya ya\u015fad\u0131\u011f\u0131n\u0131z tecr\u00fcbelere dayanarak g\u00f6r\u00fc\u015flerinizi \u00f6zg\u00fcrce belirtebilirsiniz. &nbsp;<\/p>\n","protected":false},"author":1,"featured_media":0,"parent":0,"menu_order":0,"comment_status":"open","ping_status":"closed","template":"","meta":{"footnotes":""},"class_list":["post-82","page","type-page","status-publish","hentry"],"_links":{"self":[{"href":"https:\/\/gercekuzmanhocalar.com\/index.php?rest_route=\/wp\/v2\/pages\/82","targetHints":{"allow":["GET"]}}],"collection":[{"href":"https:\/\/gercekuzmanhocalar.com\/index.php?rest_route=\/wp\/v2\/pages"}],"about":[{"href":"https:\/\/gercekuzmanhocalar.com\/index.php?rest_route=\/wp\/v2\/types\/page"}],"author":[{"embeddable":true,"href":"https:\/\/gercekuzmanhocalar.com\/index.php?rest_route=\/wp\/v2\/users\/1"}],"replies":[{"embeddable":true,"href":"https:\/\/gercekuzmanhocalar.com\/index.php?rest_route=%2Fwp%2Fv2%2Fcomments&post=82"}],"version-history":[{"count":2,"href":"https:\/\/gercekuzmanhocalar.com\/index.php?rest_route=\/wp\/v2\/pages\/82\/revisions"}],"predecessor-version":[{"id":100,"href":"https:\/\/gercekuzmanhocalar.com\/index.php?rest_route=\/wp\/v2\/pages\/82\/revisions\/100"}],"wp:attachment":[{"href":"https:\/\/gercekuzmanhocalar.com\/index.php?rest_route=%2Fwp%2Fv2%2Fmedia&parent=82"}],"curies":[{"name":"wp","href":"https:\/\/api.w.org\/{rel}","templated":true}]}}